{"id":7644,"date":"2022-12-01T16:01:51","date_gmt":"2022-12-01T15:01:51","guid":{"rendered":"https:\/\/welshcorgipembroke.com.pl\/?page_id=7644"},"modified":"2022-12-18T15:17:37","modified_gmt":"2022-12-18T14:17:37","slug":"sedziowanie","status":"publish","type":"page","link":"https:\/\/welshcorgipembroke.com.pl\/en\/sedziowanie\/","title":{"rendered":"S\u0119dziowanie"},"content":{"rendered":"\n<p class=\"has-text-align-center\">Kynologia to nietylko hodowla, sport, praca z psem, \u0142owiectwo ale r\u00f3wnie\u017c rywalizacja na wystawach i pokazach. Tam aby wybra\u0107 Zwyci\u0119zc\u0119 niezb\u0119dny jest S\u0119dzia, kt\u00f3ry u\u017cywa wszystkich swoich zmys\u0142\u00f3w i serca aby dokona\u0107 najlepszego wyboru i wy\u0142oni\u0107 Zwyci\u0119zc\u0119. W tym dziale mo\u017cecie oceni\u0107 moje wybory ! <\/p>\n","protected":false},"excerpt":{"rendered":"<p>Kynologia to nietylko hodowla, sport, praca z psem, \u0142owiectwo ale r\u00f3wnie\u017c rywalizacja na wystawach i pokazach. Tam aby wybra\u0107 Zwyci\u0119zc\u0119 niezb\u0119dny jest S\u0119dzia, kt\u00f3ry u\u017cywa wszystkich swoich zmys\u0142\u00f3w i serca aby dokona\u0107 najlepszego wyboru i wy\u0142oni\u0107 Zwyci\u0119zc\u0119. W tym dziale mo\u017cecie oceni\u0107 moje wybory !<\/p>\n","protected":false},"author":1,"featured_media":6985,"parent":0,"menu_order":0,"comment_status":"closed","ping_status":"closed","template":"category-sedziowanie.php","meta":{"_acf_changed":false,"footnotes":""},"class_list":["post-7644","page","type-page","status-publish","has-post-thumbnail","hentry"],"translation":{"provider":"WPGlobus","version":"3.0.2","language":"en","enabled_languages":["pl","en"],"languages":{"pl":{"title":true,"content":true,"excerpt":false},"en":{"title":false,"content":true,"excerpt":false}}},"acf":[],"yoast_head":"<!-- This site is optimized with the Yoast SEO plugin v27.3 - https:\/\/yoast.com\/product\/yoast-seo-wordpress\/ -->\n<title>Welsh Corgi Pembroke - Kennel Academia Canis \/ Shows<\/title>\n<meta name=\"description\" content=\"A Judge is needed who uses all his senses and heart to make the best choice and determine the Winner. In this section you can rate my choices!\" \/>\n<meta name=\"robots\" content=\"index, follow, max-snippet:-1, max-image-preview:large, max-video-preview:-1\" \/>\n<link rel=\"canonical\" href=\"https:\/\/welshcorgipembroke.com.pl\/sedziowanie\/\" \/>\n<meta property=\"og:locale\" content=\"en_US\" \/>\n<meta property=\"og:type\" content=\"article\" \/>\n<meta property=\"og:title\" content=\"Welsh Corgi Pembroke - Kennel Academia Canis \/ Shows\" \/>\n<meta property=\"og:description\" content=\"A Judge is needed who uses all his senses and heart to make the best choice and determine the Winner. In this section you can rate my choices!\" \/>\n<meta property=\"og:url\" content=\"https:\/\/welshcorgipembroke.com.pl\/sedziowanie\/\" \/>\n<meta property=\"og:site_name\" content=\"Welsh Corgi Pembroke Kennel\" \/>\n<meta property=\"article:publisher\" content=\"https:\/\/www.facebook.com\/l.hartabus\" \/>\n<meta property=\"article:modified_time\" content=\"2022-12-18T14:17:37+00:00\" \/>\n<meta property=\"og:image\" content=\"https:\/\/welshcorgipembroke.com.pl\/wp-content\/uploads\/2021\/11\/JO1_3906-1024x639.jpg\" \/>\n\t<meta property=\"og:image:width\" content=\"1024\" \/>\n\t<meta property=\"og:image:height\" content=\"639\" \/>\n\t<meta property=\"og:image:type\" content=\"image\/jpeg\" \/>\n<meta name=\"twitter:card\" content=\"summary_large_image\" \/>\n<meta name=\"twitter:label1\" content=\"Est. reading time\" \/>\n\t<meta name=\"twitter:data1\" content=\"1 minute\" \/>\n<script type=\"application\/ld+json\" class=\"yoast-schema-graph\">{\"@context\":\"https:\\\/\\\/schema.org\",\"@graph\":[{\"@type\":\"WebPage\",\"@id\":\"https:\\\/\\\/welshcorgipembroke.com.pl\\\/sedziowanie\\\/\",\"url\":\"https:\\\/\\\/welshcorgipembroke.com.pl\\\/sedziowanie\\\/\",\"name\":\"Welsh Corgi Pembroke - Hodowla Academia Canis S\u0119dziowanie\",\"isPartOf\":{\"@id\":\"https:\\\/\\\/welshcorgipembroke.com.pl\\\/en\\\/#website\"},\"primaryImageOfPage\":{\"@id\":\"https:\\\/\\\/welshcorgipembroke.com.pl\\\/sedziowanie\\\/#primaryimage\"},\"image\":{\"@id\":\"https:\\\/\\\/welshcorgipembroke.com.pl\\\/sedziowanie\\\/#primaryimage\"},\"thumbnailUrl\":\"https:\\\/\\\/welshcorgipembroke.com.pl\\\/wp-content\\\/uploads\\\/2021\\\/11\\\/JO1_3906.jpg\",\"datePublished\":\"2022-12-01T15:01:51+00:00\",\"dateModified\":\"2022-12-18T14:17:37+00:00\",\"description\":\"Zapoznaj si\u0119 z moim s\u0119dziowaniem na wystawach. Welsh Corgi Pembroke - Hodowla Academia Canis. S\u0119dziowanie na zawodach\",\"breadcrumb\":{\"@id\":\"https:\\\/\\\/welshcorgipembroke.com.pl\\\/sedziowanie\\\/#breadcrumb\"},\"inLanguage\":\"en-US\",\"potentialAction\":[{\"@type\":\"ReadAction\",\"target\":[\"https:\\\/\\\/welshcorgipembroke.com.pl\\\/sedziowanie\\\/\"]}]},{\"@type\":\"ImageObject\",\"inLanguage\":\"en-US\",\"@id\":\"https:\\\/\\\/welshcorgipembroke.com.pl\\\/sedziowanie\\\/#primaryimage\",\"url\":\"https:\\\/\\\/welshcorgipembroke.com.pl\\\/wp-content\\\/uploads\\\/2021\\\/11\\\/JO1_3906.jpg\",\"contentUrl\":\"https:\\\/\\\/welshcorgipembroke.com.pl\\\/wp-content\\\/uploads\\\/2021\\\/11\\\/JO1_3906.jpg\",\"width\":2400,\"height\":1498},{\"@type\":\"BreadcrumbList\",\"@id\":\"https:\\\/\\\/welshcorgipembroke.com.pl\\\/sedziowanie\\\/#breadcrumb\",\"itemListElement\":[{\"@type\":\"ListItem\",\"position\":1,\"name\":\"[:pl]Strona g\u0142\u00f3wna[:]\",\"item\":\"https:\\\/\\\/welshcorgipembroke.com.pl\\\/\"},{\"@type\":\"ListItem\",\"position\":2,\"name\":\"S\u0119dziowanie\"}]},{\"@type\":\"WebSite\",\"@id\":\"https:\\\/\\\/welshcorgipembroke.com.pl\\\/en\\\/#website\",\"url\":\"https:\\\/\\\/welshcorgipembroke.com.pl\\\/en\\\/\",\"name\":\"Welsh Corgi Pembroke Kennel\",\"description\":\"Family traditional and experience in breeding since 1970.\",\"publisher\":{\"@id\":\"https:\\\/\\\/welshcorgipembroke.com.pl\\\/en\\\/#organization\"},\"potentialAction\":[{\"@type\":\"SearchAction\",\"target\":{\"@type\":\"EntryPoint\",\"urlTemplate\":\"https:\\\/\\\/welshcorgipembroke.com.pl\\\/en\\\/?s={search_term_string}\"},\"query-input\":{\"@type\":\"PropertyValueSpecification\",\"valueRequired\":true,\"valueName\":\"search_term_string\"}}],\"inLanguage\":\"en-US\"},{\"@type\":\"Organization\",\"@id\":\"https:\\\/\\\/welshcorgipembroke.com.pl\\\/en\\\/#organization\",\"name\":\"Welsh Corgi Pembroke\",\"url\":\"https:\\\/\\\/welshcorgipembroke.com.pl\\\/en\\\/\",\"logo\":{\"@type\":\"ImageObject\",\"inLanguage\":\"en-US\",\"@id\":\"https:\\\/\\\/welshcorgipembroke.com.pl\\\/en\\\/#\\\/schema\\\/logo\\\/image\\\/\",\"url\":\"https:\\\/\\\/welshcorgipembroke.com.pl\\\/wp-content\\\/uploads\\\/2020\\\/04\\\/Logo.png\",\"contentUrl\":\"https:\\\/\\\/welshcorgipembroke.com.pl\\\/wp-content\\\/uploads\\\/2020\\\/04\\\/Logo.png\",\"width\":685,\"height\":125,\"caption\":\"Welsh Corgi Pembroke\"},\"image\":{\"@id\":\"https:\\\/\\\/welshcorgipembroke.com.pl\\\/en\\\/#\\\/schema\\\/logo\\\/image\\\/\"},\"sameAs\":[\"https:\\\/\\\/www.facebook.com\\\/l.hartabus\"]}]}<\/script>\n<!-- \/ Yoast SEO plugin. -->","yoast_head_json":{"title":"Welsh Corgi Pembroke - Kennel Academia Canis \/ Shows","description":"A Judge is needed who uses all his senses and heart to make the best choice and determine the Winner. In this section you can rate my choices!","robots":{"index":"index","follow":"follow","max-snippet":"max-snippet:-1","max-image-preview":"max-image-preview:large","max-video-preview":"max-video-preview:-1"},"canonical":"https:\/\/welshcorgipembroke.com.pl\/sedziowanie\/","og_locale":"en_US","og_type":"article","og_title":"Welsh Corgi Pembroke - Kennel Academia Canis \/ Shows","og_description":"A Judge is needed who uses all his senses and heart to make the best choice and determine the Winner. In this section you can rate my choices!","og_url":"https:\/\/welshcorgipembroke.com.pl\/sedziowanie\/","og_site_name":"Welsh Corgi Pembroke Kennel","article_publisher":"https:\/\/www.facebook.com\/l.hartabus","article_modified_time":"2022-12-18T14:17:37+00:00","og_image":[{"width":1024,"height":639,"url":"https:\/\/welshcorgipembroke.com.pl\/wp-content\/uploads\/2021\/11\/JO1_3906-1024x639.jpg","type":"image\/jpeg"}],"twitter_card":"summary_large_image","twitter_misc":{"Est. reading time":"1 minute"},"schema":{"@context":"https:\/\/schema.org","@graph":[{"@type":"WebPage","@id":"https:\/\/welshcorgipembroke.com.pl\/sedziowanie\/","url":"https:\/\/welshcorgipembroke.com.pl\/sedziowanie\/","name":"Welsh Corgi Pembroke - Hodowla Academia Canis S\u0119dziowanie","isPartOf":{"@id":"https:\/\/welshcorgipembroke.com.pl\/en\/#website"},"primaryImageOfPage":{"@id":"https:\/\/welshcorgipembroke.com.pl\/sedziowanie\/#primaryimage"},"image":{"@id":"https:\/\/welshcorgipembroke.com.pl\/sedziowanie\/#primaryimage"},"thumbnailUrl":"https:\/\/welshcorgipembroke.com.pl\/wp-content\/uploads\/2021\/11\/JO1_3906.jpg","datePublished":"2022-12-01T15:01:51+00:00","dateModified":"2022-12-18T14:17:37+00:00","description":"Zapoznaj si\u0119 z moim s\u0119dziowaniem na wystawach. Welsh Corgi Pembroke - Hodowla Academia Canis. S\u0119dziowanie na zawodach","breadcrumb":{"@id":"https:\/\/welshcorgipembroke.com.pl\/sedziowanie\/#breadcrumb"},"inLanguage":"en-US","potentialAction":[{"@type":"ReadAction","target":["https:\/\/welshcorgipembroke.com.pl\/sedziowanie\/"]}]},{"@type":"ImageObject","inLanguage":"en-US","@id":"https:\/\/welshcorgipembroke.com.pl\/sedziowanie\/#primaryimage","url":"https:\/\/welshcorgipembroke.com.pl\/wp-content\/uploads\/2021\/11\/JO1_3906.jpg","contentUrl":"https:\/\/welshcorgipembroke.com.pl\/wp-content\/uploads\/2021\/11\/JO1_3906.jpg","width":2400,"height":1498},{"@type":"BreadcrumbList","@id":"https:\/\/welshcorgipembroke.com.pl\/sedziowanie\/#breadcrumb","itemListElement":[{"@type":"ListItem","position":1,"name":"[:pl]Strona g\u0142\u00f3wna[:]","item":"https:\/\/welshcorgipembroke.com.pl\/"},{"@type":"ListItem","position":2,"name":"S\u0119dziowanie"}]},{"@type":"WebSite","@id":"https:\/\/welshcorgipembroke.com.pl\/en\/#website","url":"https:\/\/welshcorgipembroke.com.pl\/en\/","name":"Welsh Corgi Pembroke Kennel","description":"Family traditional and experience in breeding since 1970.","publisher":{"@id":"https:\/\/welshcorgipembroke.com.pl\/en\/#organization"},"potentialAction":[{"@type":"SearchAction","target":{"@type":"EntryPoint","urlTemplate":"https:\/\/welshcorgipembroke.com.pl\/en\/?s={search_term_string}"},"query-input":{"@type":"PropertyValueSpecification","valueRequired":true,"valueName":"search_term_string"}}],"inLanguage":"en-US"},{"@type":"Organization","@id":"https:\/\/welshcorgipembroke.com.pl\/en\/#organization","name":"Welsh Corgi Pembroke","url":"https:\/\/welshcorgipembroke.com.pl\/en\/","logo":{"@type":"ImageObject","inLanguage":"en-US","@id":"https:\/\/welshcorgipembroke.com.pl\/en\/#\/schema\/logo\/image\/","url":"https:\/\/welshcorgipembroke.com.pl\/wp-content\/uploads\/2020\/04\/Logo.png","contentUrl":"https:\/\/welshcorgipembroke.com.pl\/wp-content\/uploads\/2020\/04\/Logo.png","width":685,"height":125,"caption":"Welsh Corgi Pembroke"},"image":{"@id":"https:\/\/welshcorgipembroke.com.pl\/en\/#\/schema\/logo\/image\/"},"sameAs":["https:\/\/www.facebook.com\/l.hartabus"]}]}},"_links":{"self":[{"href":"https:\/\/welshcorgipembroke.com.pl\/en\/wp-json\/wp\/v2\/pages\/7644","targetHints":{"allow":["GET"]}}],"collection":[{"href":"https:\/\/welshcorgipembroke.com.pl\/en\/wp-json\/wp\/v2\/pages"}],"about":[{"href":"https:\/\/welshcorgipembroke.com.pl\/en\/wp-json\/wp\/v2\/types\/page"}],"author":[{"embeddable":true,"href":"https:\/\/welshcorgipembroke.com.pl\/en\/wp-json\/wp\/v2\/users\/1"}],"replies":[{"embeddable":true,"href":"https:\/\/welshcorgipembroke.com.pl\/en\/wp-json\/wp\/v2\/comments?post=7644"}],"version-history":[{"count":5,"href":"https:\/\/welshcorgipembroke.com.pl\/en\/wp-json\/wp\/v2\/pages\/7644\/revisions"}],"predecessor-version":[{"id":7725,"href":"https:\/\/welshcorgipembroke.com.pl\/en\/wp-json\/wp\/v2\/pages\/7644\/revisions\/7725"}],"wp:featuredmedia":[{"embeddable":true,"href":"https:\/\/welshcorgipembroke.com.pl\/en\/wp-json\/wp\/v2\/media\/6985"}],"wp:attachment":[{"href":"https:\/\/welshcorgipembroke.com.pl\/en\/wp-json\/wp\/v2\/media?parent=7644"}],"curies":[{"name":"wp","href":"https:\/\/api.w.org\/{rel}","templated":true}]}}